{"id":4,"date":"2020-08-09T06:50:30","date_gmt":"2020-08-09T06:50:30","guid":{"rendered":"http:\/\/ajdethemes.com\/adri-data\/impact\/?page_id=4"},"modified":"2021-05-28T13:18:16","modified_gmt":"2021-05-28T18:18:16","slug":"blog","status":"publish","type":"page","link":"https:\/\/wittington.uk\/site\/blog\/","title":{"rendered":"Blog"},"content":{"rendered":"\t\t<div data-elementor-type=\"wp-page\" data-elementor-id=\"4\" class=\"elementor elementor-4\">\n\t\t\t\t\t\t<section class=\"elementor-section elementor-top-section elementor-element elementor-element-acf50d9 elementor-section-boxed elementor-section-height-default elementor-section-height-default\" data-id=\"acf50d9\" data-element_type=\"section\">\n\t\t\t\t\t\t<div class=\"elementor-container elementor-column-gap-default\">\n\t\t\t\t\t<div class=\"elementor-column elementor-col-100 elementor-top-column elementor-element elementor-element-850e267\" data-id=\"850e267\" data-element_type=\"column\">\n\t\t\t<div class=\"elementor-widget-wrap elementor-element-populated\">\n\t\t\t\t\t\t<div class=\"elementor-element elementor-element-708b8cb elementor-widget elementor-widget-blog-posts\" data-id=\"708b8cb\" data-element_type=\"widget\" data-widget_type=\"blog-posts.default\">\n\t\t\t\t<div class=\"elementor-widget-container\">\n\t\t\t<div class=\"row\"><div class=\"col-lg-4\"><article class=\"post-col post-3133 post type-post status-publish format-standard has-post-thumbnail hentry category-finance tag-business tag-consulting\" id=\"post-3133\"><div class=\"post-date\"><span>04<\/span>Sep<\/div><a href=\"https:\/\/wittington.uk\/site\/5-cosas-que-debe-hacer-antes-de-viajar-a-reino-unido\/\" class=\"post-thumbnail-link\"><img fetchpriority=\"high\" decoding=\"async\" width=\"1024\" height=\"730\" src=\"https:\/\/wittington.uk\/site\/wp-content\/uploads\/2020\/09\/blog-ft-img-22-1024x730.jpg\" class=\"attachment-large size-large wp-post-image\" alt=\"\" srcset=\"https:\/\/wittington.uk\/site\/wp-content\/uploads\/2020\/09\/blog-ft-img-22-1024x730.jpg 1024w, https:\/\/wittington.uk\/site\/wp-content\/uploads\/2020\/09\/blog-ft-img-22-300x214.jpg 300w, https:\/\/wittington.uk\/site\/wp-content\/uploads\/2020\/09\/blog-ft-img-22-768x547.jpg 768w, https:\/\/wittington.uk\/site\/wp-content\/uploads\/2020\/09\/blog-ft-img-22-1536x1094.jpg 1536w, https:\/\/wittington.uk\/site\/wp-content\/uploads\/2020\/09\/blog-ft-img-22-600x428.jpg 600w, https:\/\/wittington.uk\/site\/wp-content\/uploads\/2020\/09\/blog-ft-img-22.jpg 1600w\" sizes=\"(max-width: 1024px) 100vw, 1024px\" \/><\/a><div class=\"post-meta\"><a href=\"https:\/\/wittington.uk\/site\/category\/finance\/\" class=\"post-cat\">Finance<\/a><\/div><h2 class=\"post-title\"><a href=\"https:\/\/wittington.uk\/site\/5-cosas-que-debe-hacer-antes-de-viajar-a-reino-unido\/\">5 cosas que debe hacer antes de viajar a Reino Unido<\/a><\/h2><p>\u00a1Enhorabuena! has decidido emigrar al Reino Unido. Aparte de checar lo b\u00e1sico como: que tu pasaporte no expire en los pr\u00f3ximos tres meses, tener tu visa, llevar contigo tu tarjeta&hellip;<\/p><a href=\"https:\/\/wittington.uk\/site\/5-cosas-que-debe-hacer-antes-de-viajar-a-reino-unido\/\" class=\"btn-txt-arr post-button\">Leer art\u00edculo <span class=\"arr-box\"><i class=\"icon-Arrow-OutRight\"><\/i><\/span><\/a><\/article><\/div><div class=\"col-lg-4\"><article class=\"post-col post-3132 post type-post status-publish format-standard has-post-thumbnail hentry category-business tag-business tag-consulting\" id=\"post-3132\"><div class=\"post-date\"><span>04<\/span>Sep<\/div><a href=\"https:\/\/wittington.uk\/site\/como-mejorar-tu-plan-de-estudios-en-un-dia\/\" class=\"post-thumbnail-link\"><img decoding=\"async\" width=\"1024\" height=\"730\" src=\"https:\/\/wittington.uk\/site\/wp-content\/uploads\/2020\/09\/blog-ft-img-21-3-1024x730.jpg\" class=\"attachment-large size-large wp-post-image\" alt=\"\" srcset=\"https:\/\/wittington.uk\/site\/wp-content\/uploads\/2020\/09\/blog-ft-img-21-3-1024x730.jpg 1024w, https:\/\/wittington.uk\/site\/wp-content\/uploads\/2020\/09\/blog-ft-img-21-3-300x214.jpg 300w, https:\/\/wittington.uk\/site\/wp-content\/uploads\/2020\/09\/blog-ft-img-21-3-768x547.jpg 768w, https:\/\/wittington.uk\/site\/wp-content\/uploads\/2020\/09\/blog-ft-img-21-3-1536x1094.jpg 1536w, https:\/\/wittington.uk\/site\/wp-content\/uploads\/2020\/09\/blog-ft-img-21-3-600x428.jpg 600w, https:\/\/wittington.uk\/site\/wp-content\/uploads\/2020\/09\/blog-ft-img-21-3.jpg 1600w\" sizes=\"(max-width: 1024px) 100vw, 1024px\" \/><\/a><div class=\"post-meta\"><a href=\"https:\/\/wittington.uk\/site\/category\/business\/\" class=\"post-cat\">Business<\/a><\/div><h2 class=\"post-title\"><a href=\"https:\/\/wittington.uk\/site\/como-mejorar-tu-plan-de-estudios-en-un-dia\/\">C\u00f3mo mejorar tu plan de estudios en un d\u00eda<\/a><\/h2><p>Ahora que ya est\u00e1s un poco familiarizado\/a con la universidad y con el nuevo ambiente a tu alrededor, es tiempo de planear un poco tus estudios. El objetivo es ayudarte&hellip;<\/p><a href=\"https:\/\/wittington.uk\/site\/como-mejorar-tu-plan-de-estudios-en-un-dia\/\" class=\"btn-txt-arr post-button\">Leer art\u00edculo <span class=\"arr-box\"><i class=\"icon-Arrow-OutRight\"><\/i><\/span><\/a><\/article><\/div><div class=\"col-lg-4\"><article class=\"post-col post-64 post type-post status-publish format-standard has-post-thumbnail hentry category-consulting tag-business tag-consulting\" id=\"post-64\"><div class=\"post-date\"><span>09<\/span>Ago<\/div><a href=\"https:\/\/wittington.uk\/site\/oportunidades-laborales-en-el-reino-unido\/\" class=\"post-thumbnail-link\"><img decoding=\"async\" width=\"1024\" height=\"730\" src=\"https:\/\/wittington.uk\/site\/wp-content\/uploads\/2020\/08\/blog-ft-img-24-1024x730.jpg\" class=\"attachment-large size-large wp-post-image\" alt=\"\" srcset=\"https:\/\/wittington.uk\/site\/wp-content\/uploads\/2020\/08\/blog-ft-img-24-1024x730.jpg 1024w, https:\/\/wittington.uk\/site\/wp-content\/uploads\/2020\/08\/blog-ft-img-24-300x214.jpg 300w, https:\/\/wittington.uk\/site\/wp-content\/uploads\/2020\/08\/blog-ft-img-24-768x547.jpg 768w, https:\/\/wittington.uk\/site\/wp-content\/uploads\/2020\/08\/blog-ft-img-24-1536x1094.jpg 1536w, https:\/\/wittington.uk\/site\/wp-content\/uploads\/2020\/08\/blog-ft-img-24-600x428.jpg 600w, https:\/\/wittington.uk\/site\/wp-content\/uploads\/2020\/08\/blog-ft-img-24.jpg 1600w\" sizes=\"(max-width: 1024px) 100vw, 1024px\" \/><\/a><div class=\"post-meta\"><a href=\"https:\/\/wittington.uk\/site\/category\/consulting\/\" class=\"post-cat\">Consulting<\/a><\/div><h2 class=\"post-title\"><a href=\"https:\/\/wittington.uk\/site\/oportunidades-laborales-en-el-reino-unido\/\">Oportunidades laborales en el Reino Unido<\/a><\/h2><p>Original de Mark In Style 15 Astonishing Graduate Employment Statistics for 2021 por Marija Pandurov en 07\/05\/2021 Al analizar las perspectivas de empleo para los graduados del Reino Unido en&hellip;<\/p><a href=\"https:\/\/wittington.uk\/site\/oportunidades-laborales-en-el-reino-unido\/\" class=\"btn-txt-arr post-button\">Leer art\u00edculo <span class=\"arr-box\"><i class=\"icon-Arrow-OutRight\"><\/i><\/span><\/a><\/article><\/div><\/div>\t\t<\/div>\n\t\t\t\t<\/div>\n\t\t\t\t\t<\/div>\n\t\t<\/div>\n\t\t\t\t\t<\/div>\n\t\t<\/section>\n\t\t\t\t<\/div>\n\t\t","protected":false},"excerpt":{"rendered":"<p>04SepFinance 5 cosas que debe hacer antes de viajar a Reino Unido Leverage agile frameworks to provide a robust synopsis for high level overviews. Iterative approaches to corporate strategy foster collaborative thinking to further the overall value proposition.&nbsp; Bring to the table&hellip; Leer art\u00edculo 04SepBusiness C\u00f3mo mejorar tu plan de estudios en un d\u00eda Leverage agile frameworks to provide a robust synopsis for high level overviews. Iterative approaches to corporate strategy foster collaborative thinking to further the proposition. Bring to the table win-win survival&hellip; Leer art\u00edculo 09AgoConsulting Consulta como un profesional con la ayuda de estos 5 consejos Leverage agile&#8230;<\/p>\n","protected":false},"author":1,"featured_media":0,"parent":0,"menu_order":0,"comment_status":"closed","ping_status":"closed","template":"","meta":{"footnotes":""},"yoast_head":"<!-- This site is optimized with the Yoast SEO plugin v23.0 - https:\/\/yoast.com\/wordpress\/plugins\/seo\/ -->\n<title>Blog &#8902; Wittington - Estudia en Reino Unido<\/title>\n<meta name=\"robots\" content=\"index, follow, max-snippet:-1, max-image-preview:large, max-video-preview:-1\" \/>\n<link rel=\"canonical\" href=\"https:\/\/wittington.uk\/site\/blog\/\" \/>\n<meta property=\"og:locale\" content=\"es_ES\" \/>\n<meta property=\"og:type\" content=\"article\" \/>\n<meta property=\"og:title\" content=\"Blog &#8902; Wittington - Estudia en Reino Unido\" \/>\n<meta property=\"og:description\" content=\"04SepFinance 5 cosas que debe hacer antes de viajar a Reino Unido Leverage agile frameworks to provide a robust synopsis for high level overviews. Iterative approaches to corporate strategy foster collaborative thinking to further the overall value proposition.&nbsp; Bring to the table&hellip; Leer art\u00edculo 04SepBusiness C\u00f3mo mejorar tu plan de estudios en un d\u00eda Leverage agile frameworks to provide a robust synopsis for high level overviews. Iterative approaches to corporate strategy foster collaborative thinking to further the proposition. Bring to the table win-win survival&hellip; Leer art\u00edculo 09AgoConsulting Consulta como un profesional con la ayuda de estos 5 consejos Leverage agile...\" \/>\n<meta property=\"og:url\" content=\"https:\/\/wittington.uk\/site\/blog\/\" \/>\n<meta property=\"og:site_name\" content=\"Wittington - Estudia en Reino Unido\" \/>\n<meta property=\"article:modified_time\" content=\"2021-05-28T18:18:16+00:00\" \/>\n<meta property=\"og:image\" content=\"https:\/\/wittington.uk\/site\/wp-content\/uploads\/2020\/09\/blog-ft-img-22-1024x730.jpg\" \/>\n<meta name=\"twitter:card\" content=\"summary_large_image\" \/>\n<meta name=\"twitter:label1\" content=\"Tiempo de lectura\" \/>\n\t<meta name=\"twitter:data1\" content=\"1 minuto\" \/>\n<script type=\"application\/ld+json\" class=\"yoast-schema-graph\">{\"@context\":\"https:\/\/schema.org\",\"@graph\":[{\"@type\":\"WebPage\",\"@id\":\"https:\/\/wittington.uk\/site\/blog\/\",\"url\":\"https:\/\/wittington.uk\/site\/blog\/\",\"name\":\"Blog &#8902; Wittington - Estudia en Reino Unido\",\"isPartOf\":{\"@id\":\"https:\/\/wittington.uk\/site\/#website\"},\"primaryImageOfPage\":{\"@id\":\"https:\/\/wittington.uk\/site\/blog\/#primaryimage\"},\"image\":{\"@id\":\"https:\/\/wittington.uk\/site\/blog\/#primaryimage\"},\"thumbnailUrl\":\"https:\/\/wittington.uk\/site\/wp-content\/uploads\/2020\/09\/blog-ft-img-22-1024x730.jpg\",\"datePublished\":\"2020-08-09T06:50:30+00:00\",\"dateModified\":\"2021-05-28T18:18:16+00:00\",\"breadcrumb\":{\"@id\":\"https:\/\/wittington.uk\/site\/blog\/#breadcrumb\"},\"inLanguage\":\"es\",\"potentialAction\":[{\"@type\":\"ReadAction\",\"target\":[\"https:\/\/wittington.uk\/site\/blog\/\"]}]},{\"@type\":\"ImageObject\",\"inLanguage\":\"es\",\"@id\":\"https:\/\/wittington.uk\/site\/blog\/#primaryimage\",\"url\":\"https:\/\/wittington.uk\/site\/wp-content\/uploads\/2020\/09\/blog-ft-img-22.jpg\",\"contentUrl\":\"https:\/\/wittington.uk\/site\/wp-content\/uploads\/2020\/09\/blog-ft-img-22.jpg\",\"width\":1600,\"height\":1140},{\"@type\":\"BreadcrumbList\",\"@id\":\"https:\/\/wittington.uk\/site\/blog\/#breadcrumb\",\"itemListElement\":[{\"@type\":\"ListItem\",\"position\":1,\"name\":\"Portada\",\"item\":\"https:\/\/wittington.uk\/site\/\"},{\"@type\":\"ListItem\",\"position\":2,\"name\":\"Blog\"}]},{\"@type\":\"WebSite\",\"@id\":\"https:\/\/wittington.uk\/site\/#website\",\"url\":\"https:\/\/wittington.uk\/site\/\",\"name\":\"Wittington - Estudiar en el Reino Unido ahora es m\u00e1s f\u00e1cil\",\"description\":\"Wittington - Tu mejor aliado para migrar y estudiar en el Reino Unido\",\"publisher\":{\"@id\":\"https:\/\/wittington.uk\/site\/#organization\"},\"potentialAction\":[{\"@type\":\"SearchAction\",\"target\":{\"@type\":\"EntryPoint\",\"urlTemplate\":\"https:\/\/wittington.uk\/site\/?s={search_term_string}\"},\"query-input\":\"required name=search_term_string\"}],\"inLanguage\":\"es\"},{\"@type\":\"Organization\",\"@id\":\"https:\/\/wittington.uk\/site\/#organization\",\"name\":\"Wittington - Estudiar en el Reino Unido ahora es m\u00e1s f\u00e1cil\",\"url\":\"https:\/\/wittington.uk\/site\/\",\"logo\":{\"@type\":\"ImageObject\",\"inLanguage\":\"es\",\"@id\":\"https:\/\/wittington.uk\/site\/#\/schema\/logo\/image\/\",\"url\":\"https:\/\/wittington.uk\/site\/wp-content\/uploads\/2021\/02\/favicon.png\",\"contentUrl\":\"https:\/\/wittington.uk\/site\/wp-content\/uploads\/2021\/02\/favicon.png\",\"width\":500,\"height\":500,\"caption\":\"Wittington - Estudiar en el Reino Unido ahora es m\u00e1s f\u00e1cil\"},\"image\":{\"@id\":\"https:\/\/wittington.uk\/site\/#\/schema\/logo\/image\/\"}}]}<\/script>\n<!-- \/ Yoast SEO plugin. -->","yoast_head_json":{"title":"Blog &#8902; Wittington - Estudia en Reino Unido","robots":{"index":"index","follow":"follow","max-snippet":"max-snippet:-1","max-image-preview":"max-image-preview:large","max-video-preview":"max-video-preview:-1"},"canonical":"https:\/\/wittington.uk\/site\/blog\/","og_locale":"es_ES","og_type":"article","og_title":"Blog &#8902; Wittington - Estudia en Reino Unido","og_description":"04SepFinance 5 cosas que debe hacer antes de viajar a Reino Unido Leverage agile frameworks to provide a robust synopsis for high level overviews. Iterative approaches to corporate strategy foster collaborative thinking to further the overall value proposition.&nbsp; Bring to the table&hellip; Leer art\u00edculo 04SepBusiness C\u00f3mo mejorar tu plan de estudios en un d\u00eda Leverage agile frameworks to provide a robust synopsis for high level overviews. Iterative approaches to corporate strategy foster collaborative thinking to further the proposition. Bring to the table win-win survival&hellip; Leer art\u00edculo 09AgoConsulting Consulta como un profesional con la ayuda de estos 5 consejos Leverage agile...","og_url":"https:\/\/wittington.uk\/site\/blog\/","og_site_name":"Wittington - Estudia en Reino Unido","article_modified_time":"2021-05-28T18:18:16+00:00","og_image":[{"url":"https:\/\/wittington.uk\/site\/wp-content\/uploads\/2020\/09\/blog-ft-img-22-1024x730.jpg"}],"twitter_card":"summary_large_image","twitter_misc":{"Tiempo de lectura":"1 minuto"},"schema":{"@context":"https:\/\/schema.org","@graph":[{"@type":"WebPage","@id":"https:\/\/wittington.uk\/site\/blog\/","url":"https:\/\/wittington.uk\/site\/blog\/","name":"Blog &#8902; Wittington - Estudia en Reino Unido","isPartOf":{"@id":"https:\/\/wittington.uk\/site\/#website"},"primaryImageOfPage":{"@id":"https:\/\/wittington.uk\/site\/blog\/#primaryimage"},"image":{"@id":"https:\/\/wittington.uk\/site\/blog\/#primaryimage"},"thumbnailUrl":"https:\/\/wittington.uk\/site\/wp-content\/uploads\/2020\/09\/blog-ft-img-22-1024x730.jpg","datePublished":"2020-08-09T06:50:30+00:00","dateModified":"2021-05-28T18:18:16+00:00","breadcrumb":{"@id":"https:\/\/wittington.uk\/site\/blog\/#breadcrumb"},"inLanguage":"es","potentialAction":[{"@type":"ReadAction","target":["https:\/\/wittington.uk\/site\/blog\/"]}]},{"@type":"ImageObject","inLanguage":"es","@id":"https:\/\/wittington.uk\/site\/blog\/#primaryimage","url":"https:\/\/wittington.uk\/site\/wp-content\/uploads\/2020\/09\/blog-ft-img-22.jpg","contentUrl":"https:\/\/wittington.uk\/site\/wp-content\/uploads\/2020\/09\/blog-ft-img-22.jpg","width":1600,"height":1140},{"@type":"BreadcrumbList","@id":"https:\/\/wittington.uk\/site\/blog\/#breadcrumb","itemListElement":[{"@type":"ListItem","position":1,"name":"Portada","item":"https:\/\/wittington.uk\/site\/"},{"@type":"ListItem","position":2,"name":"Blog"}]},{"@type":"WebSite","@id":"https:\/\/wittington.uk\/site\/#website","url":"https:\/\/wittington.uk\/site\/","name":"Wittington - Estudiar en el Reino Unido ahora es m\u00e1s f\u00e1cil","description":"Wittington - Tu mejor aliado para migrar y estudiar en el Reino Unido","publisher":{"@id":"https:\/\/wittington.uk\/site\/#organization"},"potentialAction":[{"@type":"SearchAction","target":{"@type":"EntryPoint","urlTemplate":"https:\/\/wittington.uk\/site\/?s={search_term_string}"},"query-input":"required name=search_term_string"}],"inLanguage":"es"},{"@type":"Organization","@id":"https:\/\/wittington.uk\/site\/#organization","name":"Wittington - Estudiar en el Reino Unido ahora es m\u00e1s f\u00e1cil","url":"https:\/\/wittington.uk\/site\/","logo":{"@type":"ImageObject","inLanguage":"es","@id":"https:\/\/wittington.uk\/site\/#\/schema\/logo\/image\/","url":"https:\/\/wittington.uk\/site\/wp-content\/uploads\/2021\/02\/favicon.png","contentUrl":"https:\/\/wittington.uk\/site\/wp-content\/uploads\/2021\/02\/favicon.png","width":500,"height":500,"caption":"Wittington - Estudiar en el Reino Unido ahora es m\u00e1s f\u00e1cil"},"image":{"@id":"https:\/\/wittington.uk\/site\/#\/schema\/logo\/image\/"}}]}},"_links":{"self":[{"href":"https:\/\/wittington.uk\/site\/wp-json\/wp\/v2\/pages\/4"}],"collection":[{"href":"https:\/\/wittington.uk\/site\/wp-json\/wp\/v2\/pages"}],"about":[{"href":"https:\/\/wittington.uk\/site\/wp-json\/wp\/v2\/types\/page"}],"author":[{"embeddable":true,"href":"https:\/\/wittington.uk\/site\/wp-json\/wp\/v2\/users\/1"}],"replies":[{"embeddable":true,"href":"https:\/\/wittington.uk\/site\/wp-json\/wp\/v2\/comments?post=4"}],"version-history":[{"count":3,"href":"https:\/\/wittington.uk\/site\/wp-json\/wp\/v2\/pages\/4\/revisions"}],"predecessor-version":[{"id":3941,"href":"https:\/\/wittington.uk\/site\/wp-json\/wp\/v2\/pages\/4\/revisions\/3941"}],"wp:attachment":[{"href":"https:\/\/wittington.uk\/site\/wp-json\/wp\/v2\/media?parent=4"}],"curies":[{"name":"wp","href":"https:\/\/api.w.org\/{rel}","templated":true}]}}