{"id":236,"date":"2020-08-12T22:08:52","date_gmt":"2020-08-13T03:08:52","guid":{"rendered":"http:\/\/ajdethemes.com\/adri-data\/impact\/?page_id=236"},"modified":"2023-03-02T08:40:52","modified_gmt":"2023-03-02T14:40:52","slug":"contact","status":"publish","type":"page","link":"https:\/\/wittington.uk\/site\/contact\/","title":{"rendered":"Cont\u00e1ctenos"},"content":{"rendered":"\t\t<div data-elementor-type=\"wp-page\" data-elementor-id=\"236\" class=\"elementor elementor-236\">\n\t\t\t\t\t\t<section class=\"elementor-section elementor-top-section elementor-element elementor-element-33b5707 elementor-section-full_width elementor-section-height-default elementor-section-height-default\" data-id=\"33b5707\" data-element_type=\"section\">\n\t\t\t\t\t\t<div class=\"elementor-container elementor-column-gap-no\">\n\t\t\t\t\t<div class=\"elementor-column elementor-col-100 elementor-top-column elementor-element elementor-element-450adbf\" data-id=\"450adbf\" data-element_type=\"column\">\n\t\t\t<div class=\"elementor-widget-wrap elementor-element-populated\">\n\t\t\t\t\t\t<div class=\"elementor-element elementor-element-efca4f3 elementor-widget elementor-widget-page-title\" data-id=\"efca4f3\" data-element_type=\"widget\" data-widget_type=\"page-title.default\">\n\t\t\t\t<div class=\"elementor-widget-container\">\n\t\t\t<div class=\"page-title pt-md pt-has-bg-img\" style=\"background-image: url(https:\/\/ajdethemes.com\/adri-data\/impact\/wp-content\/uploads\/sites\/3\/2020\/08\/sec-bg-2-1.jpg);\"><div class=\"container\"><div class=\"row\"><div class=\"col-lg-12\"><div class=\"pt-style-2\"><span class=\"subtitle\">Ponte en contacto<\/span><h1 class=\"entry-title\">Env\u00edanos un mensaje<\/h1><\/div><\/div><\/div><\/div><\/div>\t\t<\/div>\n\t\t\t\t<\/div>\n\t\t\t\t\t<\/div>\n\t\t<\/div>\n\t\t\t\t\t<\/div>\n\t\t<\/section>\n\t\t\t\t<section class=\"elementor-section elementor-top-section elementor-element elementor-element-d7f60cf elementor-section-full_width elementor-section-height-default elementor-section-height-default\" data-id=\"d7f60cf\" data-element_type=\"section\">\n\t\t\t\t\t\t<div class=\"elementor-container elementor-column-gap-no\">\n\t\t\t\t\t<div class=\"elementor-column elementor-col-100 elementor-top-column elementor-element elementor-element-ab0e0ce\" data-id=\"ab0e0ce\" data-element_type=\"column\">\n\t\t\t<div class=\"elementor-widget-wrap elementor-element-populated\">\n\t\t\t\t\t\t<div class=\"elementor-element elementor-element-b906198 elementor-widget elementor-widget-adri-ajdethemes-elements-contact\" data-id=\"b906198\" data-element_type=\"widget\" data-widget_type=\"adri-ajdethemes-elements-contact.default\">\n\t\t\t\t<div class=\"elementor-widget-container\">\n\t\t\t<div class=\"cnt-tabs\"><div class=\"tab-content\"><div class=\"cnt-map\"><div id=\"map-tab-1\" class=\"elementor-custom-embed active\" data-target=\"cnt-tab-1\"><iframe src=\"https:\/\/maps.google.com\/maps?q=5%20Brayford%20Square%2C%20London%2C%20England%20-%20E1%200SG&amp;t=m&amp;z=14&amp;output=embed&amp;iwloc=near\" aria-label=\"5 Brayford Square, London, England - E1 0SG\"><\/iframe><\/div><\/div><\/div><div class=\"tab-control\"><ul><li><input type=\"radio\" id=\"cnt-tab-1\" name=\"cnt-tabs\" checked><label for=\"cnt-tab-1\"><span class=\"tc-header\" data-tab=\"map-tab-1\"><i class=\"fas fa-map-marker-alt\"><\/i><span class=\"tc-title\">England<\/span><span class=\"tc-arrow\"><i class=\"fas fa-chevron-up\"><\/i><\/span><\/span><span class=\"tc-content\">5 Brayford Square, London, England - E1 0SG<br\/><a href=\"tel:+447930060272\">+44 7930 060272<\/a>\n<a href=\"mailto:gerenciacomercial@wittington.uk\">gerenciacomercial@wittington.uk<\/a>\n<h5><span style=\"color: #ffffff;\"><strong>Ll\u00e1menos desde M\u00e9xico:<\/strong><\/span><\/h5>\n<a href=\"tel:+525527773121\">+52 552 777 3121<\/a><\/span><\/label><\/li><\/ul><\/div><\/div>\t\t<\/div>\n\t\t\t\t<\/div>\n\t\t\t\t\t<\/div>\n\t\t<\/div>\n\t\t\t\t\t<\/div>\n\t\t<\/section>\n\t\t\t\t<section class=\"elementor-section elementor-top-section elementor-element elementor-element-d2b2040 elementor-section-boxed elementor-section-height-default elementor-section-height-default\" data-id=\"d2b2040\" data-element_type=\"section\" data-settings=\"{&quot;background_background&quot;:&quot;classic&quot;}\">\n\t\t\t\t\t\t<div class=\"elementor-container elementor-column-gap-default\">\n\t\t\t\t\t<div class=\"elementor-column elementor-col-33 elementor-top-column elementor-element elementor-element-58733dc\" data-id=\"58733dc\" data-element_type=\"column\">\n\t\t\t<div class=\"elementor-widget-wrap elementor-element-populated\">\n\t\t\t\t\t\t<div class=\"elementor-element elementor-element-58d967a animated-slow elementor-invisible elementor-widget elementor-widget-section-title\" data-id=\"58d967a\" data-element_type=\"widget\" data-settings=\"{&quot;_animation&quot;:&quot;fadeIn&quot;,&quot;_animation_delay&quot;:200}\" data-widget_type=\"section-title.default\">\n\t\t\t\t<div class=\"elementor-widget-container\">\n\t\t\t<div class=\"section-title st-underline\"><span class=\"st-subtitle\">Escr\u00edbanos<\/span><h2 class=\"st-title\">Nos encanta saber de usted. <u><b>D\u00e9jenos un mensaje en el siguiente formulario<\/b><\/u><\/h2><\/div>\t\t<\/div>\n\t\t\t\t<\/div>\n\t\t\t\t<div class=\"elementor-element elementor-element-9b0a293 animated-slow elementor-invisible elementor-widget elementor-widget-text-editor\" data-id=\"9b0a293\" data-element_type=\"widget\" data-settings=\"{&quot;_animation&quot;:&quot;fadeIn&quot;,&quot;_animation_delay&quot;:200}\" data-widget_type=\"text-editor.default\">\n\t\t\t\t<div class=\"elementor-widget-container\">\n\t\t\t<style>\/*! elementor - v3.22.0 - 26-06-2024 *\/\n.elementor-widget-text-editor.elementor-drop-cap-view-stacked .elementor-drop-cap{background-color:#69727d;color:#fff}.elementor-widget-text-editor.elementor-drop-cap-view-framed .elementor-drop-cap{color:#69727d;border:3px solid;background-color:transparent}.elementor-widget-text-editor:not(.elementor-drop-cap-view-default) .elementor-drop-cap{margin-top:8px}.elementor-widget-text-editor:not(.elementor-drop-cap-view-default) .elementor-drop-cap-letter{width:1em;height:1em}.elementor-widget-text-editor .elementor-drop-cap{float:left;text-align:center;line-height:1;font-size:50px}.elementor-widget-text-editor .elementor-drop-cap-letter{display:inline-block}<\/style>\t\t\t\t<p>Nuestro equipo de asesores estar\u00e1 dispuesto a atenderle y a resolver todas las inquietudes que se presenten. \u00a1Esperamos poder servirle muy pronto!<\/p><p><strong>Escr\u00edbenos al correo:<\/strong><\/p><p>gerenciacomercial@wittington.uk<\/p><p><strong>Tel\u00e9fono:<\/strong><br \/>+44 2080 872061<br \/>+44 7930 060272<\/p><p><strong>Ll\u00e1menos desde M\u00e9xico:<\/strong><\/p><p>+52 552 777 3121<\/p>\t\t\t\t\t\t<\/div>\n\t\t\t\t<\/div>\n\t\t\t\t\t<\/div>\n\t\t<\/div>\n\t\t\t\t<div class=\"elementor-column elementor-col-33 elementor-top-column elementor-element elementor-element-78d2157\" data-id=\"78d2157\" data-element_type=\"column\">\n\t\t\t<div class=\"elementor-widget-wrap\">\n\t\t\t\t\t\t\t<\/div>\n\t\t<\/div>\n\t\t\t\t<div class=\"elementor-column elementor-col-33 elementor-top-column elementor-element elementor-element-98ff2af\" data-id=\"98ff2af\" data-element_type=\"column\">\n\t\t\t<div class=\"elementor-widget-wrap elementor-element-populated\">\n\t\t\t\t\t\t<div class=\"elementor-element elementor-element-3a2a1bb elementor-invisible elementor-widget elementor-widget-adri-ajdethemes-elements-cf7\" data-id=\"3a2a1bb\" data-element_type=\"widget\" data-settings=\"{&quot;_animation&quot;:&quot;fadeIn&quot;,&quot;_animation_delay&quot;:400}\" data-widget_type=\"adri-ajdethemes-elements-cf7.default\">\n\t\t\t\t<div class=\"elementor-widget-container\">\n\t\t\t<div class=\"cf-form-wrapper\">\n<div class=\"wpcf7 no-js\" id=\"wpcf7-f240-o1\" lang=\"en-US\" dir=\"ltr\">\n<div class=\"screen-reader-response\"><p role=\"status\" aria-live=\"polite\" aria-atomic=\"true\"><\/p> <ul><\/ul><\/div>\n<form action=\"\/site\/wp-json\/wp\/v2\/pages\/236#wpcf7-f240-o1\" method=\"post\" class=\"wpcf7-form init\" aria-label=\"Contact form\" novalidate=\"novalidate\" data-status=\"init\">\n<div style=\"display: none;\">\n<input type=\"hidden\" name=\"_wpcf7\" value=\"240\" \/>\n<input type=\"hidden\" name=\"_wpcf7_version\" value=\"5.9.6\" \/>\n<input type=\"hidden\" name=\"_wpcf7_locale\" value=\"en_US\" \/>\n<input type=\"hidden\" name=\"_wpcf7_unit_tag\" value=\"wpcf7-f240-o1\" \/>\n<input type=\"hidden\" name=\"_wpcf7_container_post\" value=\"0\" \/>\n<input type=\"hidden\" name=\"_wpcf7_posted_data_hash\" value=\"\" \/>\n<input type=\"hidden\" name=\"_wpcf7_recaptcha_response\" value=\"\" \/>\n<\/div>\n<div class=\"row\">\n\t\t<div class=\"col-lg-6\">\n\t\t\n\t\t\t<div class=\"form-group\">\n\t\t\t\t<label for=\"full-name\">Nombre completo<\/label>\n                                <span class=\"wpcf7-form-control-wrap\" data-name=\"full-name\"><input size=\"40\" maxlength=\"80\" class=\"wpcf7-form-control wpcf7-text wpcf7-validates-as-required form-style\" id=\"full-name\" aria-required=\"true\" aria-invalid=\"false\" value=\"\" type=\"text\" name=\"full-name\" \/><\/span>\n\t\t\t<\/div>\n\n\t\t<\/div>\n\t\t<div class=\"col-lg-6\">\n\n                        <div class=\"form-group\">\n\t\t\t\t<label for=\"email\">Correo electr\u00f3nico<\/label>\n                                <span class=\"wpcf7-form-control-wrap\" data-name=\"email\"><input size=\"40\" maxlength=\"80\" class=\"wpcf7-form-control wpcf7-email wpcf7-validates-as-required wpcf7-text wpcf7-validates-as-email form-style\" id=\"email\" aria-required=\"true\" aria-invalid=\"false\" value=\"\" type=\"email\" name=\"email\" \/><\/span>\n\t\t\t<\/div>\n\n\t\t<\/div>\n                <div class=\"col-lg-12\">\n                        \n                        <div class=\"form-group\">\n                               <label for=\"message\">Tu mensaje<\/label>\n                               <span class=\"wpcf7-form-control-wrap\" data-name=\"message\"><textarea cols=\"40\" rows=\"7\" maxlength=\"400\" class=\"wpcf7-form-control wpcf7-textarea wpcf7-validates-as-required form-style\" id=\"message\" aria-required=\"true\" aria-invalid=\"false\" name=\"message\"><\/textarea><\/span>\n                        <\/div>\n\n                        <p><button class=\"btn btn-reg btn-block\">Enviar mensaje<\/button><\/p>\n\n                        <p><span><i class=\"fas fa-info-circle\"><\/i> Los campos con * son obligatorios.<\/span><\/p>\n\n                <\/div>\n<\/div><p style=\"display: none !important;\" class=\"akismet-fields-container\" data-prefix=\"_wpcf7_ak_\"><label>&#916;<textarea name=\"_wpcf7_ak_hp_textarea\" cols=\"45\" rows=\"8\" maxlength=\"100\"><\/textarea><\/label><input type=\"hidden\" id=\"ak_js_1\" name=\"_wpcf7_ak_js\" value=\"33\"\/><script>document.getElementById( \"ak_js_1\" ).setAttribute( \"value\", ( new Date() ).getTime() );<\/script><\/p><div class=\"wpcf7-response-output\" aria-hidden=\"true\"><\/div>\n<\/form>\n<\/div>\n<\/div>\t\t<\/div>\n\t\t\t\t<\/div>\n\t\t\t\t\t<\/div>\n\t\t<\/div>\n\t\t\t\t\t<\/div>\n\t\t<\/section>\n\t\t\t\t<\/div>\n\t\t","protected":false},"excerpt":{"rendered":"<p>Ponte en contacto Env\u00edanos un mensaje England5 Brayford Square, London, England &#8211; E1 0SG+44 7930 060272 gerenciacomercial@wittington.uk Ll\u00e1menos desde M\u00e9xico: +52 552 777 3121 Escr\u00edbanos Nos encanta saber de usted. D\u00e9jenos un mensaje en el siguiente formulario Nuestro equipo de asesores estar\u00e1 dispuesto a atenderle y a resolver todas las inquietudes que se presenten. \u00a1Esperamos poder servirle muy pronto! Escr\u00edbenos al correo: gerenciacomercial@wittington.uk Tel\u00e9fono:+44 2080 872061+44 7930 060272 Ll\u00e1menos desde M\u00e9xico: +52 552 777 3121 Nombre completo Correo electr\u00f3nico Tu mensaje Enviar mensaje Los campos con * son obligatorios. &#916;<\/p>\n","protected":false},"author":1,"featured_media":0,"parent":0,"menu_order":0,"comment_status":"closed","ping_status":"closed","template":"elementor_header_footer","meta":{"footnotes":""},"yoast_head":"<!-- This site is optimized with the Yoast SEO plugin v23.0 - https:\/\/yoast.com\/wordpress\/plugins\/seo\/ -->\n<title>Cont\u00e1ctenos &#8902; Wittington - Estudia en Reino Unido<\/title>\n<meta name=\"robots\" content=\"index, follow, max-snippet:-1, max-image-preview:large, max-video-preview:-1\" \/>\n<link rel=\"canonical\" href=\"https:\/\/wittington.uk\/site\/contact\/\" \/>\n<meta property=\"og:locale\" content=\"es_ES\" \/>\n<meta property=\"og:type\" content=\"article\" \/>\n<meta property=\"og:title\" content=\"Cont\u00e1ctenos &#8902; Wittington - Estudia en Reino Unido\" \/>\n<meta property=\"og:description\" content=\"Ponte en contacto Env\u00edanos un mensaje England5 Brayford Square, London, England &#8211; E1 0SG+44 7930 060272 gerenciacomercial@wittington.uk Ll\u00e1menos desde M\u00e9xico: +52 552 777 3121 Escr\u00edbanos Nos encanta saber de usted. D\u00e9jenos un mensaje en el siguiente formulario Nuestro equipo de asesores estar\u00e1 dispuesto a atenderle y a resolver todas las inquietudes que se presenten. \u00a1Esperamos poder servirle muy pronto! Escr\u00edbenos al correo: gerenciacomercial@wittington.uk Tel\u00e9fono:+44 2080 872061+44 7930 060272 Ll\u00e1menos desde M\u00e9xico: +52 552 777 3121 Nombre completo Correo electr\u00f3nico Tu mensaje Enviar mensaje Los campos con * son obligatorios. &#916;\" \/>\n<meta property=\"og:url\" content=\"https:\/\/wittington.uk\/site\/contact\/\" \/>\n<meta property=\"og:site_name\" content=\"Wittington - Estudia en Reino Unido\" \/>\n<meta property=\"article:modified_time\" content=\"2023-03-02T14:40:52+00:00\" \/>\n<meta name=\"twitter:card\" content=\"summary_large_image\" \/>\n<meta name=\"twitter:label1\" content=\"Tiempo de lectura\" \/>\n\t<meta name=\"twitter:data1\" content=\"1 minuto\" \/>\n<script type=\"application\/ld+json\" class=\"yoast-schema-graph\">{\"@context\":\"https:\/\/schema.org\",\"@graph\":[{\"@type\":\"WebPage\",\"@id\":\"https:\/\/wittington.uk\/site\/contact\/\",\"url\":\"https:\/\/wittington.uk\/site\/contact\/\",\"name\":\"Cont\u00e1ctenos &#8902; Wittington - Estudia en Reino Unido\",\"isPartOf\":{\"@id\":\"https:\/\/wittington.uk\/site\/#website\"},\"datePublished\":\"2020-08-13T03:08:52+00:00\",\"dateModified\":\"2023-03-02T14:40:52+00:00\",\"breadcrumb\":{\"@id\":\"https:\/\/wittington.uk\/site\/contact\/#breadcrumb\"},\"inLanguage\":\"es\",\"potentialAction\":[{\"@type\":\"ReadAction\",\"target\":[\"https:\/\/wittington.uk\/site\/contact\/\"]}]},{\"@type\":\"BreadcrumbList\",\"@id\":\"https:\/\/wittington.uk\/site\/contact\/#breadcrumb\",\"itemListElement\":[{\"@type\":\"ListItem\",\"position\":1,\"name\":\"Portada\",\"item\":\"https:\/\/wittington.uk\/site\/\"},{\"@type\":\"ListItem\",\"position\":2,\"name\":\"Cont\u00e1ctenos\"}]},{\"@type\":\"WebSite\",\"@id\":\"https:\/\/wittington.uk\/site\/#website\",\"url\":\"https:\/\/wittington.uk\/site\/\",\"name\":\"Wittington - Estudiar en el Reino Unido ahora es m\u00e1s f\u00e1cil\",\"description\":\"Wittington - Tu mejor aliado para migrar y estudiar en el Reino Unido\",\"publisher\":{\"@id\":\"https:\/\/wittington.uk\/site\/#organization\"},\"potentialAction\":[{\"@type\":\"SearchAction\",\"target\":{\"@type\":\"EntryPoint\",\"urlTemplate\":\"https:\/\/wittington.uk\/site\/?s={search_term_string}\"},\"query-input\":\"required name=search_term_string\"}],\"inLanguage\":\"es\"},{\"@type\":\"Organization\",\"@id\":\"https:\/\/wittington.uk\/site\/#organization\",\"name\":\"Wittington - Estudiar en el Reino Unido ahora es m\u00e1s f\u00e1cil\",\"url\":\"https:\/\/wittington.uk\/site\/\",\"logo\":{\"@type\":\"ImageObject\",\"inLanguage\":\"es\",\"@id\":\"https:\/\/wittington.uk\/site\/#\/schema\/logo\/image\/\",\"url\":\"https:\/\/wittington.uk\/site\/wp-content\/uploads\/2021\/02\/favicon.png\",\"contentUrl\":\"https:\/\/wittington.uk\/site\/wp-content\/uploads\/2021\/02\/favicon.png\",\"width\":500,\"height\":500,\"caption\":\"Wittington - Estudiar en el Reino Unido ahora es m\u00e1s f\u00e1cil\"},\"image\":{\"@id\":\"https:\/\/wittington.uk\/site\/#\/schema\/logo\/image\/\"}}]}<\/script>\n<!-- \/ Yoast SEO plugin. -->","yoast_head_json":{"title":"Cont\u00e1ctenos &#8902; Wittington - Estudia en Reino Unido","robots":{"index":"index","follow":"follow","max-snippet":"max-snippet:-1","max-image-preview":"max-image-preview:large","max-video-preview":"max-video-preview:-1"},"canonical":"https:\/\/wittington.uk\/site\/contact\/","og_locale":"es_ES","og_type":"article","og_title":"Cont\u00e1ctenos &#8902; Wittington - Estudia en Reino Unido","og_description":"Ponte en contacto Env\u00edanos un mensaje England5 Brayford Square, London, England &#8211; E1 0SG+44 7930 060272 gerenciacomercial@wittington.uk Ll\u00e1menos desde M\u00e9xico: +52 552 777 3121 Escr\u00edbanos Nos encanta saber de usted. D\u00e9jenos un mensaje en el siguiente formulario Nuestro equipo de asesores estar\u00e1 dispuesto a atenderle y a resolver todas las inquietudes que se presenten. \u00a1Esperamos poder servirle muy pronto! Escr\u00edbenos al correo: gerenciacomercial@wittington.uk Tel\u00e9fono:+44 2080 872061+44 7930 060272 Ll\u00e1menos desde M\u00e9xico: +52 552 777 3121 Nombre completo Correo electr\u00f3nico Tu mensaje Enviar mensaje Los campos con * son obligatorios. &#916;","og_url":"https:\/\/wittington.uk\/site\/contact\/","og_site_name":"Wittington - Estudia en Reino Unido","article_modified_time":"2023-03-02T14:40:52+00:00","twitter_card":"summary_large_image","twitter_misc":{"Tiempo de lectura":"1 minuto"},"schema":{"@context":"https:\/\/schema.org","@graph":[{"@type":"WebPage","@id":"https:\/\/wittington.uk\/site\/contact\/","url":"https:\/\/wittington.uk\/site\/contact\/","name":"Cont\u00e1ctenos &#8902; Wittington - Estudia en Reino Unido","isPartOf":{"@id":"https:\/\/wittington.uk\/site\/#website"},"datePublished":"2020-08-13T03:08:52+00:00","dateModified":"2023-03-02T14:40:52+00:00","breadcrumb":{"@id":"https:\/\/wittington.uk\/site\/contact\/#breadcrumb"},"inLanguage":"es","potentialAction":[{"@type":"ReadAction","target":["https:\/\/wittington.uk\/site\/contact\/"]}]},{"@type":"BreadcrumbList","@id":"https:\/\/wittington.uk\/site\/contact\/#breadcrumb","itemListElement":[{"@type":"ListItem","position":1,"name":"Portada","item":"https:\/\/wittington.uk\/site\/"},{"@type":"ListItem","position":2,"name":"Cont\u00e1ctenos"}]},{"@type":"WebSite","@id":"https:\/\/wittington.uk\/site\/#website","url":"https:\/\/wittington.uk\/site\/","name":"Wittington - Estudiar en el Reino Unido ahora es m\u00e1s f\u00e1cil","description":"Wittington - Tu mejor aliado para migrar y estudiar en el Reino Unido","publisher":{"@id":"https:\/\/wittington.uk\/site\/#organization"},"potentialAction":[{"@type":"SearchAction","target":{"@type":"EntryPoint","urlTemplate":"https:\/\/wittington.uk\/site\/?s={search_term_string}"},"query-input":"required name=search_term_string"}],"inLanguage":"es"},{"@type":"Organization","@id":"https:\/\/wittington.uk\/site\/#organization","name":"Wittington - Estudiar en el Reino Unido ahora es m\u00e1s f\u00e1cil","url":"https:\/\/wittington.uk\/site\/","logo":{"@type":"ImageObject","inLanguage":"es","@id":"https:\/\/wittington.uk\/site\/#\/schema\/logo\/image\/","url":"https:\/\/wittington.uk\/site\/wp-content\/uploads\/2021\/02\/favicon.png","contentUrl":"https:\/\/wittington.uk\/site\/wp-content\/uploads\/2021\/02\/favicon.png","width":500,"height":500,"caption":"Wittington - Estudiar en el Reino Unido ahora es m\u00e1s f\u00e1cil"},"image":{"@id":"https:\/\/wittington.uk\/site\/#\/schema\/logo\/image\/"}}]}},"_links":{"self":[{"href":"https:\/\/wittington.uk\/site\/wp-json\/wp\/v2\/pages\/236"}],"collection":[{"href":"https:\/\/wittington.uk\/site\/wp-json\/wp\/v2\/pages"}],"about":[{"href":"https:\/\/wittington.uk\/site\/wp-json\/wp\/v2\/types\/page"}],"author":[{"embeddable":true,"href":"https:\/\/wittington.uk\/site\/wp-json\/wp\/v2\/users\/1"}],"replies":[{"embeddable":true,"href":"https:\/\/wittington.uk\/site\/wp-json\/wp\/v2\/comments?post=236"}],"version-history":[{"count":31,"href":"https:\/\/wittington.uk\/site\/wp-json\/wp\/v2\/pages\/236\/revisions"}],"predecessor-version":[{"id":4293,"href":"https:\/\/wittington.uk\/site\/wp-json\/wp\/v2\/pages\/236\/revisions\/4293"}],"wp:attachment":[{"href":"https:\/\/wittington.uk\/site\/wp-json\/wp\/v2\/media?parent=236"}],"curies":[{"name":"wp","href":"https:\/\/api.w.org\/{rel}","templated":true}]}}