{"id":222,"date":"2020-08-12T11:36:07","date_gmt":"2020-08-12T16:36:07","guid":{"rendered":"http:\/\/ajdethemes.com\/adri-data\/impact\/?page_id=222"},"modified":"2021-10-16T15:04:08","modified_gmt":"2021-10-16T20:04:08","slug":"faq-2","status":"publish","type":"page","link":"https:\/\/wittington.uk\/site\/faq-2\/","title":{"rendered":"Contacte con Wittington"},"content":{"rendered":"\t\t<div data-elementor-type=\"wp-page\" data-elementor-id=\"222\" class=\"elementor elementor-222\">\n\t\t\t\t\t\t<section class=\"elementor-section elementor-top-section elementor-element elementor-element-1734eb4 elementor-section-full_width elementor-section-height-default elementor-section-height-default\" data-id=\"1734eb4\" data-element_type=\"section\">\n\t\t\t\t\t\t<div class=\"elementor-container elementor-column-gap-no\">\n\t\t\t\t\t<div class=\"elementor-column elementor-col-100 elementor-top-column elementor-element elementor-element-36e5528\" data-id=\"36e5528\" data-element_type=\"column\">\n\t\t\t<div class=\"elementor-widget-wrap elementor-element-populated\">\n\t\t\t\t\t\t<div class=\"elementor-element elementor-element-6fe48e9 elementor-widget elementor-widget-page-title\" data-id=\"6fe48e9\" data-element_type=\"widget\" data-widget_type=\"page-title.default\">\n\t\t\t\t<div class=\"elementor-widget-container\">\n\t\t\t<div class=\"page-title  pt-has-bg-img\" style=\"background-image: url(https:\/\/ajdethemes.com\/adri-data\/impact\/wp-content\/uploads\/sites\/3\/2020\/08\/sec-bg-2-1.jpg);\"><div class=\"container\"><div class=\"row\"><div class=\"col-lg-12\"><div class=\"pt-style-2\"><span class=\"subtitle\">ALCANZA TUS SUE\u00d1OS CON WITTINGTON<\/span><h1 class=\"entry-title\">Estudia en Reino Unido con nosotros<\/h1><\/div><\/div><\/div><\/div><\/div>\t\t<\/div>\n\t\t\t\t<\/div>\n\t\t\t\t\t<\/div>\n\t\t<\/div>\n\t\t\t\t\t<\/div>\n\t\t<\/section>\n\t\t\t\t<section class=\"elementor-section elementor-top-section elementor-element elementor-element-772b408 elementor-section-boxed elementor-section-height-default elementor-section-height-default\" data-id=\"772b408\" data-element_type=\"section\">\n\t\t\t\t\t\t<div class=\"elementor-container elementor-column-gap-default\">\n\t\t\t\t\t<div class=\"elementor-column elementor-col-33 elementor-top-column elementor-element elementor-element-3810e32\" data-id=\"3810e32\" data-element_type=\"column\">\n\t\t\t<div class=\"elementor-widget-wrap elementor-element-populated\">\n\t\t\t\t\t\t<div class=\"elementor-element elementor-element-aaf7c5f elementor-widget elementor-widget-accordion\" data-id=\"aaf7c5f\" data-element_type=\"widget\" data-widget_type=\"accordion.default\">\n\t\t\t\t<div class=\"elementor-widget-container\">\n\t\t\t<style>\/*! elementor - v3.22.0 - 26-06-2024 *\/\n.elementor-accordion{text-align:start}.elementor-accordion .elementor-accordion-item{border:1px solid #d5d8dc}.elementor-accordion .elementor-accordion-item+.elementor-accordion-item{border-top:none}.elementor-accordion .elementor-tab-title{margin:0;padding:15px 20px;font-weight:700;line-height:1;cursor:pointer;outline:none}.elementor-accordion .elementor-tab-title .elementor-accordion-icon{display:inline-block;width:1.5em}.elementor-accordion .elementor-tab-title .elementor-accordion-icon svg{width:1em;height:1em}.elementor-accordion .elementor-tab-title .elementor-accordion-icon.elementor-accordion-icon-right{float:right;text-align:right}.elementor-accordion .elementor-tab-title .elementor-accordion-icon.elementor-accordion-icon-left{float:left;text-align:left}.elementor-accordion .elementor-tab-title .elementor-accordion-icon .elementor-accordion-icon-closed{display:block}.elementor-accordion .elementor-tab-title .elementor-accordion-icon .elementor-accordion-icon-opened,.elementor-accordion .elementor-tab-title.elementor-active .elementor-accordion-icon-closed{display:none}.elementor-accordion .elementor-tab-title.elementor-active .elementor-accordion-icon-opened{display:block}.elementor-accordion .elementor-tab-content{display:none;padding:15px 20px;border-top:1px solid #d5d8dc}@media (max-width:767px){.elementor-accordion .elementor-tab-title{padding:12px 15px}.elementor-accordion .elementor-tab-title .elementor-accordion-icon{width:1.2em}.elementor-accordion .elementor-tab-content{padding:7px 15px}}.e-con-inner>.elementor-widget-accordion,.e-con>.elementor-widget-accordion{width:var(--container-widget-width);--flex-grow:var(--container-widget-flex-grow)}<\/style><div class=\"ft-accordion elementor-accordion\" role=\"tablist\"><div class=\"ft-accordion-item elementor-accordion-item\"><h5 id=\"elementor-tab-title-1791\" class=\"ft-tab-title elementor-tab-title\" data-tab=\"1\" role=\"tab\"><a class=\"ft-accordion-title elementor-accordion-title\" href=\"\">\u00bfCu\u00e1ndo termine de estudiar, puedo quedarme a vivir en el Reino Unido? <span class=\"accordion-icon\"><i class=\"fas fa-chevron-down\"><\/i><\/span><\/a><\/h5><div id=\"elementor-tab-content-1791\" class=\"ft-tab-content elementor-tab-content elementor-clearfix\" data-tab=\"1\" role=\"tabpanel\"><p>Esa es la misi\u00f3n de Wittington. Siempre y cuando nuestro cliente acate las reglas de inmigraci\u00f3n, de la polic\u00eda y de la Universidad, tenemos la experiencia para lograr que nuestro cliente tenga la oportunidad de residir permanentemente en el Reino Unido.<\/p><\/div><\/div><div class=\"ft-accordion-item elementor-accordion-item\"><h5 id=\"elementor-tab-title-1792\" class=\"ft-tab-title elementor-tab-title\" data-tab=\"2\" role=\"tab\"><a class=\"ft-accordion-title elementor-accordion-title\" href=\"\">\u00bfCu\u00e1nto cuesta estudiar en el Reino Unido? <span class=\"accordion-icon\"><i class=\"fas fa-chevron-down\"><\/i><\/span><\/a><\/h5><div id=\"elementor-tab-content-1792\" class=\"ft-tab-content elementor-tab-content elementor-clearfix\" data-tab=\"2\" role=\"tabpanel\"><p>El costo de la colegiatura de las Universidades var\u00eda desde \u00a3 10,000 hasta \u00a3 38,000 al a\u00f1o, dependiendo del curso y de la universidad.<\/p><p>El costo de la manutenci\u00f3n que incluye hospedaje y sustento es en promedio \u00a3 12,000 al a\u00f1o con la excepci\u00f3n de Londres en donde el costo promedio es de \u00a3 15,200.<\/p><\/div><\/div><div class=\"ft-accordion-item elementor-accordion-item\"><h5 id=\"elementor-tab-title-1793\" class=\"ft-tab-title elementor-tab-title\" data-tab=\"3\" role=\"tab\"><a class=\"ft-accordion-title elementor-accordion-title\" href=\"\">\u00bfQu\u00e9 edad debo tener? <span class=\"accordion-icon\"><i class=\"fas fa-chevron-down\"><\/i><\/span><\/a><\/h5><div id=\"elementor-tab-content-1793\" class=\"ft-tab-content elementor-tab-content elementor-clearfix\" data-tab=\"3\" role=\"tabpanel\"><p>Desde los 17 hasta m\u00e1s de 25 a\u00f1os.<\/p><p>Estudiantes universitarios tienen normalmente 18 a\u00f1os (si tienen 17 necesitan un consentimiento de sus padres).<\/p><p>Tambi\u00e9n se consideran estudiantes maduros a aquellos que empiezan su carrera universitaria a los 21 a\u00f1os o que empiezan su postdoctorado despu\u00e9s de los 25.<\/p><\/div><\/div><div class=\"ft-accordion-item elementor-accordion-item\"><h5 id=\"elementor-tab-title-1794\" class=\"ft-tab-title elementor-tab-title\" data-tab=\"4\" role=\"tab\"><a class=\"ft-accordion-title elementor-accordion-title\" href=\"\">\u00bfQu\u00e9 nivel de ingl\u00e9s en IELTS debo tener? <span class=\"accordion-icon\"><i class=\"fas fa-chevron-down\"><\/i><\/span><\/a><\/h5><div id=\"elementor-tab-content-1794\" class=\"ft-tab-content elementor-tab-content elementor-clearfix\" data-tab=\"4\" role=\"tabpanel\"><p>Var\u00eda dependiendo de la Universidad y el curso. Mientras que para un curso remedial es 4.5, para algunos cursos en las Universidades m\u00e1s prestigiosas como Oxford y Cambridge es 7.0.<\/p><\/div><\/div><div class=\"ft-accordion-item elementor-accordion-item\"><h5 id=\"elementor-tab-title-1795\" class=\"ft-tab-title elementor-tab-title\" data-tab=\"5\" role=\"tab\"><a class=\"ft-accordion-title elementor-accordion-title\" href=\"\">\u00bfWittington garantiza mi salario despu\u00e9s de terminar de estudiar? <span class=\"accordion-icon\"><i class=\"fas fa-chevron-down\"><\/i><\/span><\/a><\/h5><div id=\"elementor-tab-content-1795\" class=\"ft-tab-content elementor-tab-content elementor-clearfix\" data-tab=\"5\" role=\"tabpanel\"><p>No, desafortunadamente eso est\u00e1 fuera de nuestro alcance. Sin embargo, nosotros auxiliamos para que nuestro cliente se posicione en la industria deseada y con el mejor sueldo de acuerdo con sus habilidades.<\/p><\/div><\/div><div class=\"ft-accordion-item elementor-accordion-item\"><h5 id=\"elementor-tab-title-1796\" class=\"ft-tab-title elementor-tab-title\" data-tab=\"6\" role=\"tab\"><a class=\"ft-accordion-title elementor-accordion-title\" href=\"\">\u00bfPuedo visitar otros pa\u00edses de Europa mientras este all\u00e1 en el Reino Unido? <span class=\"accordion-icon\"><i class=\"fas fa-chevron-down\"><\/i><\/span><\/a><\/h5><div id=\"elementor-tab-content-1796\" class=\"ft-tab-content elementor-tab-content elementor-clearfix\" data-tab=\"6\" role=\"tabpanel\"><p>En periodos vacacionales la mayor\u00eda de los estudiantes aprovechan para viajar. Algunos viajan dentro del Reino Unido, otros visitan algunos pa\u00edses de Europa y otros regresan a su pa\u00eds de origen.<\/p><p>Las reglas de inmigraci\u00f3n dictan que, para reconocer residencia continua, el aplicante no debe estar ausente del pa\u00eds por m\u00e1s de 180 d\u00edas en un periodo de 12 meses sin permiso especial.<\/p><\/div><\/div><div class=\"ft-accordion-item elementor-accordion-item\"><h5 id=\"elementor-tab-title-1797\" class=\"ft-tab-title elementor-tab-title\" data-tab=\"7\" role=\"tab\"><a class=\"ft-accordion-title elementor-accordion-title\" href=\"\">\u00bfPuedo iniciar mi negocio propio mientras este all\u00e1 en el Reino Unido? <span class=\"accordion-icon\"><i class=\"fas fa-chevron-down\"><\/i><\/span><\/a><\/h5><div id=\"elementor-tab-content-1797\" class=\"ft-tab-content elementor-tab-content elementor-clearfix\" data-tab=\"7\" role=\"tabpanel\"><p>Un estudiante no puede emprender un propio negocio. El alumno tiene que graduarse primero para poder emprender su negocio.<\/p><\/div><\/div><div class=\"ft-accordion-item elementor-accordion-item\"><h5 id=\"elementor-tab-title-1798\" class=\"ft-tab-title elementor-tab-title\" data-tab=\"8\" role=\"tab\"><a class=\"ft-accordion-title elementor-accordion-title\" href=\"\">\u00bfPuedo trabajar mientras estudio? <span class=\"accordion-icon\"><i class=\"fas fa-chevron-down\"><\/i><\/span><\/a><\/h5><div id=\"elementor-tab-content-1798\" class=\"ft-tab-content elementor-tab-content elementor-clearfix\" data-tab=\"8\" role=\"tabpanel\"><p>S\u00ed, todos los estudiantes pueden trabajar de medio tiempo durante el curso, y de tiempo completo en las vacaciones.<\/p><\/div><\/div><div class=\"ft-accordion-item elementor-accordion-item\"><h5 id=\"elementor-tab-title-1799\" class=\"ft-tab-title elementor-tab-title\" data-tab=\"9\" role=\"tab\"><a class=\"ft-accordion-title elementor-accordion-title\" href=\"\">\u00bfWittington me puede ayudar a tramitar una beca? <span class=\"accordion-icon\"><i class=\"fas fa-chevron-down\"><\/i><\/span><\/a><\/h5><div id=\"elementor-tab-content-1799\" class=\"ft-tab-content elementor-tab-content elementor-clearfix\" data-tab=\"9\" role=\"tabpanel\"><p>Desafortunadamente no tenemos experiencia en el tr\u00e1mite de becas.<\/p><\/div><\/div><div class=\"ft-accordion-item elementor-accordion-item\"><h5 id=\"elementor-tab-title-17910\" class=\"ft-tab-title elementor-tab-title\" data-tab=\"10\" role=\"tab\"><a class=\"ft-accordion-title elementor-accordion-title\" href=\"\">\u00bfQu\u00e9 tan dif\u00edcil es estudiar en Ingles? <span class=\"accordion-icon\"><i class=\"fas fa-chevron-down\"><\/i><\/span><\/a><\/h5><div id=\"elementor-tab-content-17910\" class=\"ft-tab-content elementor-tab-content elementor-clearfix\" data-tab=\"10\" role=\"tabpanel\"><p>Empezar una carrera puede ser dif\u00edcil, aun mas en un ambiente ajeno. Sin embargo, la mayor\u00eda de los estudiantes reportan que la situaci\u00f3n empieza a mejorar despu\u00e9s de los primeros meses. La inmersi\u00f3n total en la cultura brit\u00e1nica acelera la comprensi\u00f3n del idioma Ingles. Nuestra labor en Wittington es brindar todas las herramientas para que esta transici\u00f3n sea lo m\u00e1s f\u00e1cil posible y que nuestro cliente sea exitoso en sus estudios y en sus planes despu\u00e9s de terminar la Universidad.<\/p><\/div><\/div><\/div>\t\t<\/div>\n\t\t\t\t<\/div>\n\t\t\t\t\t<\/div>\n\t\t<\/div>\n\t\t\t\t<div class=\"elementor-column elementor-col-33 elementor-top-column elementor-element elementor-element-d6e8df0\" data-id=\"d6e8df0\" data-element_type=\"column\">\n\t\t\t<div class=\"elementor-widget-wrap\">\n\t\t\t\t\t\t\t<\/div>\n\t\t<\/div>\n\t\t\t\t<div class=\"elementor-column elementor-col-33 elementor-top-column elementor-element elementor-element-ad4857c\" data-id=\"ad4857c\" data-element_type=\"column\" data-settings=\"{&quot;background_background&quot;:&quot;classic&quot;}\">\n\t\t\t<div class=\"elementor-widget-wrap elementor-element-populated\">\n\t\t\t\t\t<div class=\"elementor-background-overlay\"><\/div>\n\t\t\t\t\t\t<div class=\"elementor-element elementor-element-65f1957 elementor-widget elementor-widget-section-title\" data-id=\"65f1957\" data-element_type=\"widget\" data-widget_type=\"section-title.default\">\n\t\t\t\t<div class=\"elementor-widget-container\">\n\t\t\t<div class=\"section-title\"><span class=\"st-subtitle\">PIDE M\u00c1S INFORMACI\u00d3N<\/span><h2 class=\"st-title\">Contacta con nosotros sin costo<\/h2><\/div>\t\t<\/div>\n\t\t\t\t<\/div>\n\t\t\t\t<div class=\"elementor-element elementor-element-f55a373 elementor-widget elementor-widget-adri-ajdethemes-elements-cf7\" data-id=\"f55a373\" data-element_type=\"widget\" data-widget_type=\"adri-ajdethemes-elements-cf7.default\">\n\t\t\t\t<div class=\"elementor-widget-container\">\n\t\t\t<div class=\"cf-form-wrapper\">\n<div class=\"wpcf7 no-js\" id=\"wpcf7-f226-o1\" lang=\"en-US\" dir=\"ltr\">\n<div class=\"screen-reader-response\"><p role=\"status\" aria-live=\"polite\" aria-atomic=\"true\"><\/p> <ul><\/ul><\/div>\n<form action=\"\/site\/wp-json\/wp\/v2\/pages\/222#wpcf7-f226-o1\" method=\"post\" class=\"wpcf7-form init\" aria-label=\"Contact form\" novalidate=\"novalidate\" data-status=\"init\">\n<div style=\"display: none;\">\n<input type=\"hidden\" name=\"_wpcf7\" value=\"226\" \/>\n<input type=\"hidden\" name=\"_wpcf7_version\" value=\"5.9.6\" \/>\n<input type=\"hidden\" name=\"_wpcf7_locale\" value=\"en_US\" \/>\n<input type=\"hidden\" name=\"_wpcf7_unit_tag\" value=\"wpcf7-f226-o1\" \/>\n<input type=\"hidden\" name=\"_wpcf7_container_post\" value=\"0\" \/>\n<input type=\"hidden\" name=\"_wpcf7_posted_data_hash\" value=\"\" \/>\n<input type=\"hidden\" name=\"_wpcf7_recaptcha_response\" value=\"\" \/>\n<\/div>\n<div class=\"form-group\">\n    <label for=\"full-name\">Nombre completo<\/label>\n    <span class=\"wpcf7-form-control-wrap\" data-name=\"full-name\"><input size=\"40\" maxlength=\"80\" class=\"wpcf7-form-control wpcf7-text wpcf7-validates-as-required form-style\" id=\"full-name\" aria-required=\"true\" aria-invalid=\"false\" placeholder=\"Ingresa tu nombre completo\" value=\"\" type=\"text\" name=\"full-name\" \/><\/span>\n<\/div>\n\n<div class=\"form-group\">\n    <label for=\"email\">Correo electr\u00f3nico<\/label>\n    <span class=\"wpcf7-form-control-wrap\" data-name=\"email\"><input size=\"40\" maxlength=\"80\" class=\"wpcf7-form-control wpcf7-email wpcf7-validates-as-required wpcf7-text wpcf7-validates-as-email form-style\" id=\"email\" aria-required=\"true\" aria-invalid=\"false\" value=\"\" type=\"email\" name=\"email\" \/><\/span>\n<\/div>\n\n<div class=\"form-group\">\n    <label for=\"phone\">N\u00famero de tel\u00e9fono<\/label>\n    <span class=\"wpcf7-form-control-wrap\" data-name=\"phone\"><input size=\"40\" maxlength=\"80\" class=\"wpcf7-form-control wpcf7-tel wpcf7-text wpcf7-validates-as-tel form-style\" id=\"phone\" aria-invalid=\"false\" value=\"\" type=\"tel\" name=\"phone\" \/><\/span>\n<\/div>\n\n<div class=\"form-group\">\n    <label for=\"email\">Ingrese su mensaje<\/label>\n    <span class=\"wpcf7-form-control-wrap\" data-name=\"message\"><textarea cols=\"40\" rows=\"4\" maxlength=\"400\" class=\"wpcf7-form-control wpcf7-textarea wpcf7-validates-as-required form-style\" id=\"message\" aria-required=\"true\" aria-invalid=\"false\" name=\"message\"><\/textarea><\/span>\n<\/div>\n<p>\n    <button class=\"btn btn-classic btn-inverted btn-same-bg btn-block\">Enviar formulario<\/button>\n<\/p><p style=\"display: none !important;\" class=\"akismet-fields-container\" data-prefix=\"_wpcf7_ak_\"><label>&#916;<textarea name=\"_wpcf7_ak_hp_textarea\" cols=\"45\" rows=\"8\" maxlength=\"100\"><\/textarea><\/label><input type=\"hidden\" id=\"ak_js_1\" name=\"_wpcf7_ak_js\" value=\"74\"\/><script>document.getElementById( \"ak_js_1\" ).setAttribute( \"value\", ( new Date() ).getTime() );<\/script><\/p><div class=\"wpcf7-response-output\" aria-hidden=\"true\"><\/div>\n<\/form>\n<\/div>\n<\/div>\t\t<\/div>\n\t\t\t\t<\/div>\n\t\t\t\t\t<\/div>\n\t\t<\/div>\n\t\t\t\t\t<\/div>\n\t\t<\/section>\n\t\t\t\t<\/div>\n\t\t","protected":false},"excerpt":{"rendered":"<p>ALCANZA TUS SUE\u00d1OS CON WITTINGTON Estudia en Reino Unido con nosotros \u00bfCu\u00e1ndo termine de estudiar, puedo quedarme a vivir en el Reino Unido? Esa es la misi\u00f3n de Wittington. Siempre y cuando nuestro cliente acate las reglas de inmigraci\u00f3n, de la polic\u00eda y de la Universidad, tenemos la experiencia para lograr que nuestro cliente tenga la oportunidad de residir permanentemente en el Reino Unido. \u00bfCu\u00e1nto cuesta estudiar en el Reino Unido? El costo de la colegiatura de las Universidades var\u00eda desde \u00a3 10,000 hasta \u00a3 38,000 al a\u00f1o, dependiendo del curso y de la universidad. El costo de la manutenci\u00f3n&#8230;<\/p>\n","protected":false},"author":1,"featured_media":0,"parent":0,"menu_order":0,"comment_status":"closed","ping_status":"closed","template":"elementor_header_footer","meta":{"footnotes":""},"yoast_head":"<!-- This site is optimized with the Yoast SEO plugin v23.0 - https:\/\/yoast.com\/wordpress\/plugins\/seo\/ -->\n<title>Contacte con Wittington &#8902; Wittington - Estudia en Reino Unido<\/title>\n<meta name=\"robots\" content=\"index, follow, max-snippet:-1, max-image-preview:large, max-video-preview:-1\" \/>\n<link rel=\"canonical\" href=\"https:\/\/wittington.uk\/site\/faq-2\/\" \/>\n<meta property=\"og:locale\" content=\"es_ES\" \/>\n<meta property=\"og:type\" content=\"article\" \/>\n<meta property=\"og:title\" content=\"Contacte con Wittington &#8902; Wittington - Estudia en Reino Unido\" \/>\n<meta property=\"og:description\" content=\"ALCANZA TUS SUE\u00d1OS CON WITTINGTON Estudia en Reino Unido con nosotros \u00bfCu\u00e1ndo termine de estudiar, puedo quedarme a vivir en el Reino Unido? Esa es la misi\u00f3n de Wittington. Siempre y cuando nuestro cliente acate las reglas de inmigraci\u00f3n, de la polic\u00eda y de la Universidad, tenemos la experiencia para lograr que nuestro cliente tenga la oportunidad de residir permanentemente en el Reino Unido. \u00bfCu\u00e1nto cuesta estudiar en el Reino Unido? El costo de la colegiatura de las Universidades var\u00eda desde \u00a3 10,000 hasta \u00a3 38,000 al a\u00f1o, dependiendo del curso y de la universidad. El costo de la manutenci\u00f3n...\" \/>\n<meta property=\"og:url\" content=\"https:\/\/wittington.uk\/site\/faq-2\/\" \/>\n<meta property=\"og:site_name\" content=\"Wittington - Estudia en Reino Unido\" \/>\n<meta property=\"article:modified_time\" content=\"2021-10-16T20:04:08+00:00\" \/>\n<meta name=\"twitter:card\" content=\"summary_large_image\" \/>\n<meta name=\"twitter:label1\" content=\"Tiempo de lectura\" \/>\n\t<meta name=\"twitter:data1\" content=\"3 minutos\" \/>\n<script type=\"application\/ld+json\" class=\"yoast-schema-graph\">{\"@context\":\"https:\/\/schema.org\",\"@graph\":[{\"@type\":\"WebPage\",\"@id\":\"https:\/\/wittington.uk\/site\/faq-2\/\",\"url\":\"https:\/\/wittington.uk\/site\/faq-2\/\",\"name\":\"Contacte con Wittington &#8902; Wittington - Estudia en Reino Unido\",\"isPartOf\":{\"@id\":\"https:\/\/wittington.uk\/site\/#website\"},\"datePublished\":\"2020-08-12T16:36:07+00:00\",\"dateModified\":\"2021-10-16T20:04:08+00:00\",\"breadcrumb\":{\"@id\":\"https:\/\/wittington.uk\/site\/faq-2\/#breadcrumb\"},\"inLanguage\":\"es\",\"potentialAction\":[{\"@type\":\"ReadAction\",\"target\":[\"https:\/\/wittington.uk\/site\/faq-2\/\"]}]},{\"@type\":\"BreadcrumbList\",\"@id\":\"https:\/\/wittington.uk\/site\/faq-2\/#breadcrumb\",\"itemListElement\":[{\"@type\":\"ListItem\",\"position\":1,\"name\":\"Portada\",\"item\":\"https:\/\/wittington.uk\/site\/\"},{\"@type\":\"ListItem\",\"position\":2,\"name\":\"Contacte con Wittington\"}]},{\"@type\":\"WebSite\",\"@id\":\"https:\/\/wittington.uk\/site\/#website\",\"url\":\"https:\/\/wittington.uk\/site\/\",\"name\":\"Wittington - Estudiar en el Reino Unido ahora es m\u00e1s f\u00e1cil\",\"description\":\"Wittington - Tu mejor aliado para migrar y estudiar en el Reino Unido\",\"publisher\":{\"@id\":\"https:\/\/wittington.uk\/site\/#organization\"},\"potentialAction\":[{\"@type\":\"SearchAction\",\"target\":{\"@type\":\"EntryPoint\",\"urlTemplate\":\"https:\/\/wittington.uk\/site\/?s={search_term_string}\"},\"query-input\":\"required name=search_term_string\"}],\"inLanguage\":\"es\"},{\"@type\":\"Organization\",\"@id\":\"https:\/\/wittington.uk\/site\/#organization\",\"name\":\"Wittington - Estudiar en el Reino Unido ahora es m\u00e1s f\u00e1cil\",\"url\":\"https:\/\/wittington.uk\/site\/\",\"logo\":{\"@type\":\"ImageObject\",\"inLanguage\":\"es\",\"@id\":\"https:\/\/wittington.uk\/site\/#\/schema\/logo\/image\/\",\"url\":\"https:\/\/wittington.uk\/site\/wp-content\/uploads\/2021\/02\/favicon.png\",\"contentUrl\":\"https:\/\/wittington.uk\/site\/wp-content\/uploads\/2021\/02\/favicon.png\",\"width\":500,\"height\":500,\"caption\":\"Wittington - Estudiar en el Reino Unido ahora es m\u00e1s f\u00e1cil\"},\"image\":{\"@id\":\"https:\/\/wittington.uk\/site\/#\/schema\/logo\/image\/\"}}]}<\/script>\n<!-- \/ Yoast SEO plugin. -->","yoast_head_json":{"title":"Contacte con Wittington &#8902; Wittington - Estudia en Reino Unido","robots":{"index":"index","follow":"follow","max-snippet":"max-snippet:-1","max-image-preview":"max-image-preview:large","max-video-preview":"max-video-preview:-1"},"canonical":"https:\/\/wittington.uk\/site\/faq-2\/","og_locale":"es_ES","og_type":"article","og_title":"Contacte con Wittington &#8902; Wittington - Estudia en Reino Unido","og_description":"ALCANZA TUS SUE\u00d1OS CON WITTINGTON Estudia en Reino Unido con nosotros \u00bfCu\u00e1ndo termine de estudiar, puedo quedarme a vivir en el Reino Unido? Esa es la misi\u00f3n de Wittington. Siempre y cuando nuestro cliente acate las reglas de inmigraci\u00f3n, de la polic\u00eda y de la Universidad, tenemos la experiencia para lograr que nuestro cliente tenga la oportunidad de residir permanentemente en el Reino Unido. \u00bfCu\u00e1nto cuesta estudiar en el Reino Unido? El costo de la colegiatura de las Universidades var\u00eda desde \u00a3 10,000 hasta \u00a3 38,000 al a\u00f1o, dependiendo del curso y de la universidad. El costo de la manutenci\u00f3n...","og_url":"https:\/\/wittington.uk\/site\/faq-2\/","og_site_name":"Wittington - Estudia en Reino Unido","article_modified_time":"2021-10-16T20:04:08+00:00","twitter_card":"summary_large_image","twitter_misc":{"Tiempo de lectura":"3 minutos"},"schema":{"@context":"https:\/\/schema.org","@graph":[{"@type":"WebPage","@id":"https:\/\/wittington.uk\/site\/faq-2\/","url":"https:\/\/wittington.uk\/site\/faq-2\/","name":"Contacte con Wittington &#8902; Wittington - Estudia en Reino Unido","isPartOf":{"@id":"https:\/\/wittington.uk\/site\/#website"},"datePublished":"2020-08-12T16:36:07+00:00","dateModified":"2021-10-16T20:04:08+00:00","breadcrumb":{"@id":"https:\/\/wittington.uk\/site\/faq-2\/#breadcrumb"},"inLanguage":"es","potentialAction":[{"@type":"ReadAction","target":["https:\/\/wittington.uk\/site\/faq-2\/"]}]},{"@type":"BreadcrumbList","@id":"https:\/\/wittington.uk\/site\/faq-2\/#breadcrumb","itemListElement":[{"@type":"ListItem","position":1,"name":"Portada","item":"https:\/\/wittington.uk\/site\/"},{"@type":"ListItem","position":2,"name":"Contacte con Wittington"}]},{"@type":"WebSite","@id":"https:\/\/wittington.uk\/site\/#website","url":"https:\/\/wittington.uk\/site\/","name":"Wittington - Estudiar en el Reino Unido ahora es m\u00e1s f\u00e1cil","description":"Wittington - Tu mejor aliado para migrar y estudiar en el Reino Unido","publisher":{"@id":"https:\/\/wittington.uk\/site\/#organization"},"potentialAction":[{"@type":"SearchAction","target":{"@type":"EntryPoint","urlTemplate":"https:\/\/wittington.uk\/site\/?s={search_term_string}"},"query-input":"required name=search_term_string"}],"inLanguage":"es"},{"@type":"Organization","@id":"https:\/\/wittington.uk\/site\/#organization","name":"Wittington - Estudiar en el Reino Unido ahora es m\u00e1s f\u00e1cil","url":"https:\/\/wittington.uk\/site\/","logo":{"@type":"ImageObject","inLanguage":"es","@id":"https:\/\/wittington.uk\/site\/#\/schema\/logo\/image\/","url":"https:\/\/wittington.uk\/site\/wp-content\/uploads\/2021\/02\/favicon.png","contentUrl":"https:\/\/wittington.uk\/site\/wp-content\/uploads\/2021\/02\/favicon.png","width":500,"height":500,"caption":"Wittington - Estudiar en el Reino Unido ahora es m\u00e1s f\u00e1cil"},"image":{"@id":"https:\/\/wittington.uk\/site\/#\/schema\/logo\/image\/"}}]}},"_links":{"self":[{"href":"https:\/\/wittington.uk\/site\/wp-json\/wp\/v2\/pages\/222"}],"collection":[{"href":"https:\/\/wittington.uk\/site\/wp-json\/wp\/v2\/pages"}],"about":[{"href":"https:\/\/wittington.uk\/site\/wp-json\/wp\/v2\/types\/page"}],"author":[{"embeddable":true,"href":"https:\/\/wittington.uk\/site\/wp-json\/wp\/v2\/users\/1"}],"replies":[{"embeddable":true,"href":"https:\/\/wittington.uk\/site\/wp-json\/wp\/v2\/comments?post=222"}],"version-history":[{"count":17,"href":"https:\/\/wittington.uk\/site\/wp-json\/wp\/v2\/pages\/222\/revisions"}],"predecessor-version":[{"id":4274,"href":"https:\/\/wittington.uk\/site\/wp-json\/wp\/v2\/pages\/222\/revisions\/4274"}],"wp:attachment":[{"href":"https:\/\/wittington.uk\/site\/wp-json\/wp\/v2\/media?parent=222"}],"curies":[{"name":"wp","href":"https:\/\/api.w.org\/{rel}","templated":true}]}}